{"id":50,"date":"2024-07-16T07:06:52","date_gmt":"2024-07-16T07:06:52","guid":{"rendered":"https:\/\/fahrzeugfolierungen.at\/?page_id=50"},"modified":"2025-01-31T11:15:11","modified_gmt":"2025-01-31T11:15:11","slug":"ueber-uns","status":"publish","type":"page","link":"https:\/\/fahrzeugfolierungen.at\/index.php\/ueber-uns\/","title":{"rendered":"\u00dcber uns"},"content":{"rendered":"\t\t<div data-elementor-type=\"wp-page\" data-elementor-id=\"50\" class=\"elementor elementor-50\" data-elementor-post-type=\"page\">\n\t\t\t\t<div class=\"elementor-element elementor-element-dc4a9fb e-flex e-con-boxed e-con e-parent\" data-id=\"dc4a9fb\" data-element_type=\"container\">\n\t\t\t\t\t<div class=\"e-con-inner\">\n\t\t\t\t<div class=\"elementor-element elementor-element-d1a41be elementor-widget elementor-widget-heading\" data-id=\"d1a41be\" data-element_type=\"widget\" data-widget_type=\"heading.default\">\n\t\t\t\t<div class=\"elementor-widget-container\">\n\t\t\t\t\t<h1 class=\"elementor-heading-title elementor-size-default\">\u00dcber uns<\/h1>\t\t\t\t<\/div>\n\t\t\t\t<\/div>\n\t\t\t\t<div class=\"elementor-element elementor-element-48f50eb elementor-widget-divider--separator-type-pattern elementor-widget-divider--view-line elementor-widget elementor-widget-divider\" data-id=\"48f50eb\" data-element_type=\"widget\" data-widget_type=\"divider.default\">\n\t\t\t\t<div class=\"elementor-widget-container\">\n\t\t\t\t\t\t\t<div class=\"elementor-divider\" style=\"--divider-pattern-url: url(&quot;data:image\/svg+xml,%3Csvg xmlns=&#039;http:\/\/www.w3.org\/2000\/svg&#039; preserveAspectRatio=&#039;none&#039; overflow=&#039;visible&#039; height=&#039;100%&#039; viewBox=&#039;0 0 24 24&#039; fill=&#039;black&#039; stroke=&#039;none&#039;%3E%3Cpolygon points=&#039;9.4,2 24,2 14.6,21.6 0,21.6&#039;\/%3E%3C\/svg%3E&quot;);\">\n\t\t\t<span class=\"elementor-divider-separator\">\n\t\t\t\t\t\t<\/span>\n\t\t<\/div>\n\t\t\t\t\t\t<\/div>\n\t\t\t\t<\/div>\n\t\t\t\t<div class=\"elementor-element elementor-element-601628d elementor-widget elementor-widget-heading\" data-id=\"601628d\" data-element_type=\"widget\" data-widget_type=\"heading.default\">\n\t\t\t\t<div class=\"elementor-widget-container\">\n\t\t\t\t\t<h3 class=\"elementor-heading-title elementor-size-default\">Willkommen im Hause Motorskins<\/h3>\t\t\t\t<\/div>\n\t\t\t\t<\/div>\n\t\t\t\t\t<\/div>\n\t\t\t\t<\/div>\n\t\t<div class=\"elementor-element elementor-element-1baa30b e-flex e-con-boxed e-con e-parent\" data-id=\"1baa30b\" data-element_type=\"container\">\n\t\t\t\t\t<div class=\"e-con-inner\">\n\t\t<div class=\"elementor-element elementor-element-1378748 e-con-full e-flex e-con e-child\" data-id=\"1378748\" data-element_type=\"container\">\n\t\t\t\t<div class=\"elementor-element elementor-element-74d807e elementor-widget elementor-widget-text-editor\" data-id=\"74d807e\" data-element_type=\"widget\" data-widget_type=\"text-editor.default\">\n\t\t\t\t<div class=\"elementor-widget-container\">\n\t\t\t\t\t\t\t\t\t<p>Bei uns dreht sich alles um Fahrzeuge und Folien. Wir sind ein junges, eingespieltes Team mit einer Leidenschaft f\u00fcr Fahrzeuge, Folien und perfekte Arbeit.<\/p><p>Egal, ob du deinem Auto eine neue Farbe verpassen m\u00f6chtest, deine Scheiben verdunkeln willst, oder du dir keine Gedanken mehr um Steinschl\u00e4ge machen willst. F\u00fcr jedes Anliegen haben wir die passende L\u00f6sung f\u00fcr dich.<\/p><p>Als Fahrzeugenthusiasten liegt uns dein Fahrzeug am Herzen und wir verstehen, welchen Stellenwert es f\u00fcr dich hat.<\/p><p>Wir \u00fcbernehmen gerne deine W\u00fcnsche und setzen sie bestm\u00f6glichst an deinem Auto um.<\/p>\t\t\t\t\t\t\t\t<\/div>\n\t\t\t\t<\/div>\n\t\t\t\t<\/div>\n\t\t<div class=\"elementor-element elementor-element-55fefc6 e-con-full e-flex e-con e-child\" data-id=\"55fefc6\" data-element_type=\"container\">\n\t\t\t\t<div class=\"elementor-element elementor-element-50d6b81 elementor-widget elementor-widget-video\" data-id=\"50d6b81\" data-element_type=\"widget\" data-settings=\"{&quot;youtube_url&quot;:&quot;https:\\\/\\\/www.youtube.com\\\/watch?v=5Hmxmb2gm6s&quot;,&quot;video_type&quot;:&quot;youtube&quot;,&quot;controls&quot;:&quot;yes&quot;}\" data-widget_type=\"video.default\">\n\t\t\t\t<div class=\"elementor-widget-container\">\n\t\t\t\t\t\t\t<div class=\"elementor-wrapper elementor-open-inline\">\n\t\t\t<div class=\"elementor-video\"><\/div>\t\t<\/div>\n\t\t\t\t\t\t<\/div>\n\t\t\t\t<\/div>\n\t\t\t\t<\/div>\n\t\t\t\t\t<\/div>\n\t\t\t\t<\/div>\n\t\t<div class=\"elementor-element elementor-element-b05f458 e-flex e-con-boxed e-con e-parent\" data-id=\"b05f458\" data-element_type=\"container\" data-settings=\"{&quot;background_background&quot;:&quot;classic&quot;}\">\n\t\t\t\t\t<div class=\"e-con-inner\">\n\t\t\t\t<div class=\"elementor-element elementor-element-332df99 elementor-widget elementor-widget-heading\" data-id=\"332df99\" data-element_type=\"widget\" data-widget_type=\"heading.default\">\n\t\t\t\t<div class=\"elementor-widget-container\">\n\t\t\t\t\t<h2 class=\"elementor-heading-title elementor-size-default\">Die Gesichter hinter Motorskins?<\/h2>\t\t\t\t<\/div>\n\t\t\t\t<\/div>\n\t\t\t\t<div class=\"elementor-element elementor-element-943d124 elementor-widget-divider--separator-type-pattern elementor-widget-divider--view-line elementor-widget elementor-widget-divider\" data-id=\"943d124\" data-element_type=\"widget\" data-widget_type=\"divider.default\">\n\t\t\t\t<div class=\"elementor-widget-container\">\n\t\t\t\t\t\t\t<div class=\"elementor-divider\" style=\"--divider-pattern-url: url(&quot;data:image\/svg+xml,%3Csvg xmlns=&#039;http:\/\/www.w3.org\/2000\/svg&#039; preserveAspectRatio=&#039;none&#039; overflow=&#039;visible&#039; height=&#039;100%&#039; viewBox=&#039;0 0 24 24&#039; fill=&#039;black&#039; stroke=&#039;none&#039;%3E%3Cpolygon points=&#039;9.4,2 24,2 14.6,21.6 0,21.6&#039;\/%3E%3C\/svg%3E&quot;);\">\n\t\t\t<span class=\"elementor-divider-separator\">\n\t\t\t\t\t\t<\/span>\n\t\t<\/div>\n\t\t\t\t\t\t<\/div>\n\t\t\t\t<\/div>\n\t\t\t\t<div class=\"elementor-element elementor-element-fd6dc79 elementor-widget elementor-widget-text-editor\" data-id=\"fd6dc79\" data-element_type=\"widget\" data-widget_type=\"text-editor.default\">\n\t\t\t\t<div class=\"elementor-widget-container\">\n\t\t\t\t\t\t\t\t\t<h3>Das sind wir:<\/h3>\t\t\t\t\t\t\t\t<\/div>\n\t\t\t\t<\/div>\n\t\t<div class=\"elementor-element elementor-element-b0e8121 e-grid e-con-full e-con e-child\" data-id=\"b0e8121\" data-element_type=\"container\">\n\t\t\t\t<div class=\"elementor-element elementor-element-8133abb elementor-widget elementor-widget-eael-image-accordion\" data-id=\"8133abb\" data-element_type=\"widget\" data-widget_type=\"eael-image-accordion.default\">\n\t\t\t\t<div class=\"elementor-widget-container\">\n\t\t\t\t\t    <div class=\"eael-img-accordion accordion-direction-horizontal eael-img-accordion-horizontal-align-center eael-img-accordion-vertical-align-center\" id=\"eael-img-accordion-8133abb\" data-img-accordion-id=\"8133abb\" data-img-accordion-type=\"on-hover\">\n                    \n            <div class=\"eael-image-accordion-hover eael-image-accordion-item\" style=\"background-image: url(https:\/\/fahrzeugfolierungen.at\/wp-content\/uploads\/2024\/12\/Gabriel-Racher-scaled.jpg);\"  tabindex=\"0\">\n                <div class=\"overlay\">\n                    <div class=\"overlay-inner \">\n                        <h3 class=\"img-accordion-title\">Gabriel Racher<\/h3>                            <p><p>Gesch\u00e4ftsf\u00fchrer<\/p><\/p>\n                                            <\/div>\n                <\/div>\n            <\/div>\n                <\/div>\n        <style typr=\"text\/css\">\n                    #eael-img-accordion-8133abb .eael-image-accordion-hover:hover {\n                        flex: 3 1 0% !important;\n                    }\n                    #eael-img-accordion-8133abb .eael-image-accordion-hover:hover:hover .overlay-inner * {\n                        opacity: 1;\n                        visibility: visible;\n                        transform: none;\n                        transition: all .3s .3s;\n                    }\n                <\/style>\t\t\t\t<\/div>\n\t\t\t\t<\/div>\n\t\t\t\t<div class=\"elementor-element elementor-element-da48665 elementor-widget elementor-widget-eael-image-accordion\" data-id=\"da48665\" data-element_type=\"widget\" data-widget_type=\"eael-image-accordion.default\">\n\t\t\t\t<div class=\"elementor-widget-container\">\n\t\t\t\t\t    <div class=\"eael-img-accordion accordion-direction-horizontal eael-img-accordion-horizontal-align-center eael-img-accordion-vertical-align-center\" id=\"eael-img-accordion-da48665\" data-img-accordion-id=\"da48665\" data-img-accordion-type=\"on-hover\">\n                    \n            <div class=\"eael-image-accordion-hover eael-image-accordion-item\" style=\"background-image: url(https:\/\/fahrzeugfolierungen.at\/wp-content\/uploads\/2024\/12\/Sebastian-Trenzinger.jpeg);\"  tabindex=\"0\">\n                <div class=\"overlay\">\n                    <div class=\"overlay-inner \">\n                        <h3 class=\"img-accordion-title\">Sebastian Trenzinger<\/h3>                            <p><p>Gesch\u00e4ftsf\u00fchrer<\/p><\/p>\n                                            <\/div>\n                <\/div>\n            <\/div>\n                <\/div>\n        <style typr=\"text\/css\">\n                    #eael-img-accordion-da48665 .eael-image-accordion-hover:hover {\n                        flex: 3 1 0% !important;\n                    }\n                    #eael-img-accordion-da48665 .eael-image-accordion-hover:hover:hover .overlay-inner * {\n                        opacity: 1;\n                        visibility: visible;\n                        transform: none;\n                        transition: all .3s .3s;\n                    }\n                <\/style>\t\t\t\t<\/div>\n\t\t\t\t<\/div>\n\t\t\t\t<\/div>\n\t\t\t\t\t<\/div>\n\t\t\t\t<\/div>\n\t\t<div class=\"elementor-element elementor-element-26e9b0f e-flex e-con-boxed e-con e-parent\" data-id=\"26e9b0f\" data-element_type=\"container\" data-settings=\"{&quot;background_background&quot;:&quot;classic&quot;}\">\n\t\t\t\t\t<div class=\"e-con-inner\">\n\t\t<div class=\"elementor-element elementor-element-513092f e-con-full e-flex e-con e-child\" data-id=\"513092f\" data-element_type=\"container\">\n\t\t\t\t<div class=\"elementor-element elementor-element-3ff3690 elementor-widget elementor-widget-text-editor\" data-id=\"3ff3690\" data-element_type=\"widget\" data-widget_type=\"text-editor.default\">\n\t\t\t\t<div class=\"elementor-widget-container\">\n\t\t\t\t\t\t\t\t\t<p>Wir bei Motorskins bleiben nicht stehen. F\u00fcr eure Fahrzeuge bleiben wir am Puls der Zeit und bilden uns stetig fort &#8211; neue Techniken, neue Trends oder neue Materialien. Unter anderem sind wir auch zertifizert von AveryDennison als Specialist Installer.<\/p>\t\t\t\t\t\t\t\t<\/div>\n\t\t\t\t<\/div>\n\t\t\t\t<\/div>\n\t\t<div class=\"elementor-element elementor-element-a5c1310 e-con-full e-flex e-con e-child\" data-id=\"a5c1310\" data-element_type=\"container\">\n\t\t\t\t<div class=\"elementor-element elementor-element-92f5be3 elementor-widget elementor-widget-image\" data-id=\"92f5be3\" data-element_type=\"widget\" data-widget_type=\"image.default\">\n\t\t\t\t<div class=\"elementor-widget-container\">\n\t\t\t\t\t\t\t\t\t\t\t\t\t\t\t<img fetchpriority=\"high\" decoding=\"async\" width=\"768\" height=\"341\" src=\"https:\/\/fahrzeugfolierungen.at\/wp-content\/uploads\/2024\/07\/Avery_Dennison_Logo.svg-768x341-1.png\" class=\"attachment-large size-large wp-image-124\" alt=\"\" srcset=\"https:\/\/fahrzeugfolierungen.at\/wp-content\/uploads\/2024\/07\/Avery_Dennison_Logo.svg-768x341-1.png 768w, https:\/\/fahrzeugfolierungen.at\/wp-content\/uploads\/2024\/07\/Avery_Dennison_Logo.svg-768x341-1-300x133.png 300w\" sizes=\"(max-width: 768px) 100vw, 768px\" \/>\t\t\t\t\t\t\t\t\t\t\t\t\t\t\t<\/div>\n\t\t\t\t<\/div>\n\t\t\t\t<\/div>\n\t\t\t\t\t<\/div>\n\t\t\t\t<\/div>\n\t\t<div class=\"elementor-element elementor-element-717cfdf4 e-con-full e-flex e-con e-parent\" data-id=\"717cfdf4\" data-element_type=\"container\">\n\t\t\t\t<div class=\"elementor-element elementor-element-471554c4 title elementor-widget elementor-widget-heading\" data-id=\"471554c4\" data-element_type=\"widget\" data-widget_type=\"heading.default\">\n\t\t\t\t<div class=\"elementor-widget-container\">\n\t\t\t\t\t<h2 class=\"elementor-heading-title elementor-size-default\">\u00dcBER UNS<\/h2>\t\t\t\t<\/div>\n\t\t\t\t<\/div>\n\t\t\t\t<\/div>\n\t\t\t\t<\/div>\n\t\t","protected":false},"excerpt":{"rendered":"<p>\u00dcber uns Willkommen im Hause Motorskins Bei uns dreht sich alles um Fahrzeuge und Folien. Wir sind ein junges, eingespieltes Team mit einer Leidenschaft f\u00fcr Fahrzeuge, Folien und perfekte Arbeit. Egal, ob du deinem Auto eine neue Farbe verpassen m\u00f6chtest, deine Scheiben verdunkeln willst, oder du dir keine Gedanken mehr um Steinschl\u00e4ge machen willst. F\u00fcr [&hellip;]<\/p>\n","protected":false},"author":2,"featured_media":0,"parent":0,"menu_order":0,"comment_status":"closed","ping_status":"closed","template":"","meta":{"footnotes":""},"class_list":["post-50","page","type-page","status-publish","hentry"],"yoast_head":"<!-- This site is optimized with the Yoast SEO plugin v24.2 - https:\/\/yoast.com\/wordpress\/plugins\/seo\/ -->\n<title>Motorskins \u2013 \u00dcber Uns<\/title>\n<meta name=\"description\" content=\"Lernen Sie Motorskins kennen: Ihr Spezialist f\u00fcr Fahrzeugfolierungen, Lackschutz und Scheibent\u00f6nungen. Mit Perfektion und Innovation!\" \/>\n<meta name=\"robots\" content=\"noindex, follow, max-snippet:-1, max-image-preview:large, max-video-preview:-1\" \/>\n<meta property=\"og:locale\" content=\"de_DE\" \/>\n<meta property=\"og:type\" content=\"article\" \/>\n<meta property=\"og:title\" content=\"Motorskins \u2013 \u00dcber Uns\" \/>\n<meta property=\"og:description\" content=\"Lernen Sie Motorskins kennen: Ihr Spezialist f\u00fcr Fahrzeugfolierungen, Lackschutz und Scheibent\u00f6nungen. Mit Perfektion und Innovation!\" \/>\n<meta property=\"og:url\" content=\"https:\/\/fahrzeugfolierungen.at\/index.php\/ueber-uns\/\" \/>\n<meta property=\"og:site_name\" content=\"Fahrzeugfolierungen\" \/>\n<meta property=\"article:modified_time\" content=\"2025-01-31T11:15:11+00:00\" \/>\n<meta property=\"og:image\" content=\"https:\/\/fahrzeugfolierungen.at\/wp-content\/uploads\/2024\/07\/Avery_Dennison_Logo.svg-768x341-1.png\" \/>\n\t<meta property=\"og:image:width\" content=\"768\" \/>\n\t<meta property=\"og:image:height\" content=\"341\" \/>\n\t<meta property=\"og:image:type\" content=\"image\/png\" \/>\n<meta name=\"twitter:card\" content=\"summary_large_image\" \/>\n<meta name=\"twitter:label1\" content=\"Gesch\u00e4tzte Lesezeit\" \/>\n\t<meta name=\"twitter:data1\" content=\"2\u00a0Minuten\" \/>\n<script type=\"application\/ld+json\" class=\"yoast-schema-graph\">{\"@context\":\"https:\/\/schema.org\",\"@graph\":[{\"@type\":\"WebPage\",\"@id\":\"https:\/\/fahrzeugfolierungen.at\/index.php\/ueber-uns\/\",\"url\":\"https:\/\/fahrzeugfolierungen.at\/index.php\/ueber-uns\/\",\"name\":\"Motorskins \u2013 \u00dcber Uns\",\"isPartOf\":{\"@id\":\"https:\/\/fahrzeugfolierungen.at\/#website\"},\"primaryImageOfPage\":{\"@id\":\"https:\/\/fahrzeugfolierungen.at\/index.php\/ueber-uns\/#primaryimage\"},\"image\":{\"@id\":\"https:\/\/fahrzeugfolierungen.at\/index.php\/ueber-uns\/#primaryimage\"},\"thumbnailUrl\":\"https:\/\/fahrzeugfolierungen.at\/wp-content\/uploads\/2024\/07\/Avery_Dennison_Logo.svg-768x341-1.png\",\"datePublished\":\"2024-07-16T07:06:52+00:00\",\"dateModified\":\"2025-01-31T11:15:11+00:00\",\"description\":\"Lernen Sie Motorskins kennen: Ihr Spezialist f\u00fcr Fahrzeugfolierungen, Lackschutz und Scheibent\u00f6nungen. Mit Perfektion und Innovation!\",\"breadcrumb\":{\"@id\":\"https:\/\/fahrzeugfolierungen.at\/index.php\/ueber-uns\/#breadcrumb\"},\"inLanguage\":\"de\",\"potentialAction\":[{\"@type\":\"ReadAction\",\"target\":[\"https:\/\/fahrzeugfolierungen.at\/index.php\/ueber-uns\/\"]}]},{\"@type\":\"ImageObject\",\"inLanguage\":\"de\",\"@id\":\"https:\/\/fahrzeugfolierungen.at\/index.php\/ueber-uns\/#primaryimage\",\"url\":\"https:\/\/fahrzeugfolierungen.at\/wp-content\/uploads\/2024\/07\/Avery_Dennison_Logo.svg-768x341-1.png\",\"contentUrl\":\"https:\/\/fahrzeugfolierungen.at\/wp-content\/uploads\/2024\/07\/Avery_Dennison_Logo.svg-768x341-1.png\",\"width\":768,\"height\":341},{\"@type\":\"BreadcrumbList\",\"@id\":\"https:\/\/fahrzeugfolierungen.at\/index.php\/ueber-uns\/#breadcrumb\",\"itemListElement\":[{\"@type\":\"ListItem\",\"position\":1,\"name\":\"Startseite\",\"item\":\"https:\/\/fahrzeugfolierungen.at\/\"},{\"@type\":\"ListItem\",\"position\":2,\"name\":\"\u00dcber uns\"}]},{\"@type\":\"WebSite\",\"@id\":\"https:\/\/fahrzeugfolierungen.at\/#website\",\"url\":\"https:\/\/fahrzeugfolierungen.at\/\",\"name\":\"Fahrzeugfolierungen\",\"description\":\"\",\"publisher\":{\"@id\":\"https:\/\/fahrzeugfolierungen.at\/#organization\"},\"potentialAction\":[{\"@type\":\"SearchAction\",\"target\":{\"@type\":\"EntryPoint\",\"urlTemplate\":\"https:\/\/fahrzeugfolierungen.at\/?s={search_term_string}\"},\"query-input\":{\"@type\":\"PropertyValueSpecification\",\"valueRequired\":true,\"valueName\":\"search_term_string\"}}],\"inLanguage\":\"de\"},{\"@type\":\"Organization\",\"@id\":\"https:\/\/fahrzeugfolierungen.at\/#organization\",\"name\":\"Fahrzeugfolierungen\",\"url\":\"https:\/\/fahrzeugfolierungen.at\/\",\"logo\":{\"@type\":\"ImageObject\",\"inLanguage\":\"de\",\"@id\":\"https:\/\/fahrzeugfolierungen.at\/#\/schema\/logo\/image\/\",\"url\":\"https:\/\/fahrzeugfolierungen.at\/wp-content\/uploads\/2024\/07\/Rechteckig_V2_weiss.png\",\"contentUrl\":\"https:\/\/fahrzeugfolierungen.at\/wp-content\/uploads\/2024\/07\/Rechteckig_V2_weiss.png\",\"width\":3906,\"height\":888,\"caption\":\"Fahrzeugfolierungen\"},\"image\":{\"@id\":\"https:\/\/fahrzeugfolierungen.at\/#\/schema\/logo\/image\/\"}}]}<\/script>\n<!-- \/ Yoast SEO plugin. -->","yoast_head_json":{"title":"Motorskins \u2013 \u00dcber Uns","description":"Lernen Sie Motorskins kennen: Ihr Spezialist f\u00fcr Fahrzeugfolierungen, Lackschutz und Scheibent\u00f6nungen. Mit Perfektion und Innovation!","robots":{"index":"noindex","follow":"follow","max-snippet":"max-snippet:-1","max-image-preview":"max-image-preview:large","max-video-preview":"max-video-preview:-1"},"og_locale":"de_DE","og_type":"article","og_title":"Motorskins \u2013 \u00dcber Uns","og_description":"Lernen Sie Motorskins kennen: Ihr Spezialist f\u00fcr Fahrzeugfolierungen, Lackschutz und Scheibent\u00f6nungen. Mit Perfektion und Innovation!","og_url":"https:\/\/fahrzeugfolierungen.at\/index.php\/ueber-uns\/","og_site_name":"Fahrzeugfolierungen","article_modified_time":"2025-01-31T11:15:11+00:00","og_image":[{"width":768,"height":341,"url":"https:\/\/fahrzeugfolierungen.at\/wp-content\/uploads\/2024\/07\/Avery_Dennison_Logo.svg-768x341-1.png","type":"image\/png"}],"twitter_card":"summary_large_image","twitter_misc":{"Gesch\u00e4tzte Lesezeit":"2\u00a0Minuten"},"schema":{"@context":"https:\/\/schema.org","@graph":[{"@type":"WebPage","@id":"https:\/\/fahrzeugfolierungen.at\/index.php\/ueber-uns\/","url":"https:\/\/fahrzeugfolierungen.at\/index.php\/ueber-uns\/","name":"Motorskins \u2013 \u00dcber Uns","isPartOf":{"@id":"https:\/\/fahrzeugfolierungen.at\/#website"},"primaryImageOfPage":{"@id":"https:\/\/fahrzeugfolierungen.at\/index.php\/ueber-uns\/#primaryimage"},"image":{"@id":"https:\/\/fahrzeugfolierungen.at\/index.php\/ueber-uns\/#primaryimage"},"thumbnailUrl":"https:\/\/fahrzeugfolierungen.at\/wp-content\/uploads\/2024\/07\/Avery_Dennison_Logo.svg-768x341-1.png","datePublished":"2024-07-16T07:06:52+00:00","dateModified":"2025-01-31T11:15:11+00:00","description":"Lernen Sie Motorskins kennen: Ihr Spezialist f\u00fcr Fahrzeugfolierungen, Lackschutz und Scheibent\u00f6nungen. Mit Perfektion und Innovation!","breadcrumb":{"@id":"https:\/\/fahrzeugfolierungen.at\/index.php\/ueber-uns\/#breadcrumb"},"inLanguage":"de","potentialAction":[{"@type":"ReadAction","target":["https:\/\/fahrzeugfolierungen.at\/index.php\/ueber-uns\/"]}]},{"@type":"ImageObject","inLanguage":"de","@id":"https:\/\/fahrzeugfolierungen.at\/index.php\/ueber-uns\/#primaryimage","url":"https:\/\/fahrzeugfolierungen.at\/wp-content\/uploads\/2024\/07\/Avery_Dennison_Logo.svg-768x341-1.png","contentUrl":"https:\/\/fahrzeugfolierungen.at\/wp-content\/uploads\/2024\/07\/Avery_Dennison_Logo.svg-768x341-1.png","width":768,"height":341},{"@type":"BreadcrumbList","@id":"https:\/\/fahrzeugfolierungen.at\/index.php\/ueber-uns\/#breadcrumb","itemListElement":[{"@type":"ListItem","position":1,"name":"Startseite","item":"https:\/\/fahrzeugfolierungen.at\/"},{"@type":"ListItem","position":2,"name":"\u00dcber uns"}]},{"@type":"WebSite","@id":"https:\/\/fahrzeugfolierungen.at\/#website","url":"https:\/\/fahrzeugfolierungen.at\/","name":"Fahrzeugfolierungen","description":"","publisher":{"@id":"https:\/\/fahrzeugfolierungen.at\/#organization"},"potentialAction":[{"@type":"SearchAction","target":{"@type":"EntryPoint","urlTemplate":"https:\/\/fahrzeugfolierungen.at\/?s={search_term_string}"},"query-input":{"@type":"PropertyValueSpecification","valueRequired":true,"valueName":"search_term_string"}}],"inLanguage":"de"},{"@type":"Organization","@id":"https:\/\/fahrzeugfolierungen.at\/#organization","name":"Fahrzeugfolierungen","url":"https:\/\/fahrzeugfolierungen.at\/","logo":{"@type":"ImageObject","inLanguage":"de","@id":"https:\/\/fahrzeugfolierungen.at\/#\/schema\/logo\/image\/","url":"https:\/\/fahrzeugfolierungen.at\/wp-content\/uploads\/2024\/07\/Rechteckig_V2_weiss.png","contentUrl":"https:\/\/fahrzeugfolierungen.at\/wp-content\/uploads\/2024\/07\/Rechteckig_V2_weiss.png","width":3906,"height":888,"caption":"Fahrzeugfolierungen"},"image":{"@id":"https:\/\/fahrzeugfolierungen.at\/#\/schema\/logo\/image\/"}}]}},"_links":{"self":[{"href":"https:\/\/fahrzeugfolierungen.at\/index.php\/wp-json\/wp\/v2\/pages\/50","targetHints":{"allow":["GET"]}}],"collection":[{"href":"https:\/\/fahrzeugfolierungen.at\/index.php\/wp-json\/wp\/v2\/pages"}],"about":[{"href":"https:\/\/fahrzeugfolierungen.at\/index.php\/wp-json\/wp\/v2\/types\/page"}],"author":[{"embeddable":true,"href":"https:\/\/fahrzeugfolierungen.at\/index.php\/wp-json\/wp\/v2\/users\/2"}],"replies":[{"embeddable":true,"href":"https:\/\/fahrzeugfolierungen.at\/index.php\/wp-json\/wp\/v2\/comments?post=50"}],"version-history":[{"count":22,"href":"https:\/\/fahrzeugfolierungen.at\/index.php\/wp-json\/wp\/v2\/pages\/50\/revisions"}],"predecessor-version":[{"id":2109,"href":"https:\/\/fahrzeugfolierungen.at\/index.php\/wp-json\/wp\/v2\/pages\/50\/revisions\/2109"}],"wp:attachment":[{"href":"https:\/\/fahrzeugfolierungen.at\/index.php\/wp-json\/wp\/v2\/media?parent=50"}],"curies":[{"name":"wp","href":"https:\/\/api.w.org\/{rel}","templated":true}]}}